{"id":431,"date":"2022-06-20T10:45:26","date_gmt":"2022-06-20T15:45:26","guid":{"rendered":"http:\/\/mi-pueblo-supreme-insurance.five.zysites.com\/about-us\/"},"modified":"2024-09-30T12:41:13","modified_gmt":"2024-09-30T17:41:13","slug":"about-us","status":"publish","type":"page","link":"https:\/\/www.mipuebloinsurance.com\/es\/about-us\/","title":{"rendered":"Acerca de nosotros"},"content":{"rendered":"<p>Mi Pueblo Supreme Insurance Agency Inc es su agencia de seguros local para la comunidad. Eliminamos las complicaciones de comprar seguros para autom\u00f3viles, comerciales, laborales, de hogar y de vida, al brindar cotizaciones r\u00e1pidas, f\u00e1ciles y asequibles con la posibilidad de comprar cobertura el mismo d\u00eda si es necesario.<\/p>\n<p>Nuestra agencia en Irving ofrece una gran protecci\u00f3n para usted, sus bienes, su familia y su negocio: \u00a1podemos personalizar cualquier p\u00f3liza para sus necesidades espec\u00edficas!<\/p>\n<p>Obtenga una cotizaci\u00f3n de seguro en l\u00ednea precisa con nosotros ahora o ll\u00e1menos al <strong>1-972-445-9534<\/strong> para hablar con uno de nuestros amables especialistas en seguros.<\/p>\n","protected":false},"excerpt":{"rendered":"<p>Mi Pueblo Supreme Insurance Agency Inc es su agencia de seguros local para la comunidad. Eliminamos las complicaciones de comprar seguros para autom\u00f3viles, comerciales, laborales, de hogar y de vida, al brindar cotizaciones r\u00e1pidas, f\u00e1ciles y asequibles con la posibilidad de comprar cobertura el mismo d\u00eda si es necesario. Nuestra agencia en Irving ofrece una [&hellip;]<\/p>\n","protected":false},"author":69,"featured_media":0,"parent":0,"menu_order":0,"comment_status":"closed","ping_status":"closed","template":"","meta":{"_acf_changed":false,"_seopress_robots_primary_cat":null,"_seopress_titles_title":"","_seopress_titles_desc":"","_seopress_robots_index":"","_analytify_skip_tracking":false,"footnotes":""},"class_list":["post-431","page","type-page","status-publish","hentry"],"acf":[],"_links":{"self":[{"href":"https:\/\/www.mipuebloinsurance.com\/es\/wp-json\/wp\/v2\/pages\/431","targetHints":{"allow":["GET"]}}],"collection":[{"href":"https:\/\/www.mipuebloinsurance.com\/es\/wp-json\/wp\/v2\/pages"}],"about":[{"href":"https:\/\/www.mipuebloinsurance.com\/es\/wp-json\/wp\/v2\/types\/page"}],"author":[{"embeddable":true,"href":"https:\/\/www.mipuebloinsurance.com\/es\/wp-json\/wp\/v2\/users\/69"}],"replies":[{"embeddable":true,"href":"https:\/\/www.mipuebloinsurance.com\/es\/wp-json\/wp\/v2\/comments?post=431"}],"version-history":[{"count":0,"href":"https:\/\/www.mipuebloinsurance.com\/es\/wp-json\/wp\/v2\/pages\/431\/revisions"}],"wp:attachment":[{"href":"https:\/\/www.mipuebloinsurance.com\/es\/wp-json\/wp\/v2\/media?parent=431"}],"curies":[{"name":"wp","href":"https:\/\/api.w.org\/{rel}","templated":true}]}}